{"id":472,"date":"2018-07-24T17:26:24","date_gmt":"2018-07-24T15:26:24","guid":{"rendered":"https:\/\/sonnenscheinapotheke.de\/wpDrF2018\/?page_id=472"},"modified":"2026-02-09T16:45:40","modified_gmt":"2026-02-09T15:45:40","slug":"publikationen","status":"publish","type":"page","link":"https:\/\/drfresenpharma.de\/en\/home\/forschung\/publikationen\/","title":{"rendered":"Publications"},"content":{"rendered":"<p>Putzker M, Karapetyan I, <strong>Klose T.<\/strong> Leben retten &#8211; Blut spenden. PTA heute, Nr. 11, 27.05.2025<\/p>\n<p>Putzker M, Karapetyan I, <strong>Klose T.<\/strong> Alternativen zur klassischen Blutkonserve. PTA heute, Webcode W5TR9, 2025<\/p>\n<p>Jost R, Kespohl S, Kathrin E, Paulus-Tremel KE, F\u00fchrer F, Bonertz A, Sander I,\u00a0<strong>Klose T<\/strong>, Altin LM, Heller S, Heimke-Brinck R, D\u00f6rje F, Philippus S, Meyer M, Segebrecht S,Wessel T, Starke D, Sch\u00fclke S, Raulf M, Mahler. M\u00f6glichkeiten der Fertigstellung von Testallergenen in \u00f6ffebtlichen Apotheken zur Diagnostik von Typ I-Allergien \u2013 rechtliche Aspekte. Allergologie, Jahrgang 47, Nr. 7\/2024, S. 411-424<\/p>\n<p>Jost R, Kespohl S, Kathrin E, Paulus-Tremel KE, F\u00fchrer F, Bonertz A, Sander I, <b>Klose T<\/b>, Altin LM, Heimke-Brinck R, D\u00f6rje F, Sch\u00fclke S, Raulf M, Mahler V.Validation of pharmacy standard operating procedures for preparation of Skin Prick test solutions (SPTs): Inter- &amp; intra laboratory variability of Tyrophagus putrescentiae SPTs prepared at different sites. EAACI Congress Valencia 2024<\/p>\n<p>Jost R, Kespohl S, Sch\u00fclke S, Paulus-Tremel KE, F\u00fchrer F, Bonertz A, Sander I, <strong>Klose T<\/strong>, Altin LM, Heimke-Brinck R, D\u00f6rje F, Raulf M, Mahler V.<br \/>\nProduction of test allergens in public pharmacies for the diagnosis of occupational type I allergies: legal aspects and practical approach<br \/>\nMainzer Allergie Workshop 2024<\/p>\n<p>Jost R, Kespohl S, Paulus-Tremel K E, F\u00fchrer\u00a0 F, Bonertz\u00a0 A, Sander I, <strong>Klose T<\/strong>, Altin LM , Heimke-Brinck R, D\u00f6rje F, Raulf M, Mahler V.<br \/>\nFertigung von Testallergenen in \u00f6ffentlichen Apotheken zur Diagnose von berufsbedingten Typ I-Allergien: Rechtliche Aspekte und praktische Umsetzung (DGUV-Forschungsf\u00f6rderung, Projekt FB 317a)<br \/>\nDeutscher Allergiekongress, Bonn, 14.-16.09.2023<\/p>\n<p>S. Kespohl, R. Jost, I. Sander, S. Maryska, L.M. Altin,K. Paulus-Tremel, F. F\u00fchrer, A. Bonertz, <strong>T. Klose<\/strong>, T. Br\u00fcning, V. Mahler, M. Raulf.<br \/>\nQualit\u00e4tssicherung der Diagnostik von beruflichen Typ I-Allergien.<br \/>\n63. Jahrestagung der DGAUM, Jena, 16.03.2023<\/p>\n<p>S. Kespohl, R. Jost, I. Sander, S. Maryska, L.M. Altin,K. Paulus-Tremel, F. F\u00fchrer, A. Bonertz, <strong>T. Klose<\/strong>, T. Br\u00fcning, V. Mahler, M. Raulf.<br \/>\nQualit\u00e4tssicherung der Diagnostik von beruflichen Typ I-Allergien.<br \/>\n63. Jahrestagung der DGAUM, Jena, 16.03.2023<\/p>\n<p>Jost R, Kespohl S, Paulus-Tremel K, F\u00fchrer F, Bonertz A, Sander I, Altin L-M, <strong>Klose T, <\/strong>Raulf M, Mahler V.<br \/>\nExploring the possibility of in vivo test allergen-compounding in pharmacies: first results.<br \/>\nEAACI 2023<\/p>\n<p>Jost R, Kespohl S, Paulus-Tremel K, F\u00fchrer F, Bonertz A, Sander I, Altin L-M, <strong>Klose T, <\/strong>Raulf M, Mahler V.<br \/>\nTest allergens for occupational type I allergies \u2013 closing the diagnostic gaps?<br \/>\n34. Mainzer Allergie Workshop, 10.-11.03.2022<\/p>\n<p><strong>Klose T.<\/strong><br \/>\nEnde einer \u00c4ra? Patentfall Revlimid und T-rezept &#8211; was gibt es zu beachten?<br \/>\nMitteldeutscher H\u00e4matologie Dialog, Frankfurt, 01.03.2022<\/p>\n<p>Altin L-M, <strong>Klose T.<\/strong><br \/>\nFallstricke der Pharmakotherapie in der Onkologie<br \/>\nSymposium Psychoonkologie, Supportivtherapie und ethische Fragen, Vallendar, 17.11.2021<\/p>\n<p>Putzker M, Dumitrescu M, Brillat M, <strong>Klose T.<\/strong><br \/>\nBlutprodukte weltweit sicher gek\u00fchlt transportieren<br \/>\nManagement &amp; Krankenhaus, 11\/2020-30<\/p>\n<p>Putzker M, Dumitrescu, Gandrabur T,\u00a0<strong>Klose T.<\/strong><br \/>\nTransportul global \u00een sistem \u201efrigorific\u201c al produselor farmaceutice care necesit\u0103 refrigerare \u0219i congelare; 15 ani de experien\u021b\u0103 \u00een studii \u0219i practice<br \/>\nHEALTH, Anul 6, Revista Nr. 63, Aprilie-Mai 2019;18-20; ISBN 978-606-93639-2-8<\/p>\n<p><strong>Klose T,<\/strong>\u00a0Putzker M.<br \/>\nPharmaceutical logistics with the premium system for cold chain transport of clinicals trials, drugs and blood products<br \/>\nIPL Forum, Schloss Braunfels, 14.05.2019<\/p>\n<p><strong>Klose T<\/strong>, Putzker M.<br \/>\nTelepharmazie in \u00f6ffentlichen Apotheken in Deutschland &#8211; ein zukunftweisendes Modell?<br \/>\nSpringer Verlag, Apotheke und Marketing, 2018; 4-5 (https:\/\/www.apotheke-und-marketing.de\/telepharmazie-2160551-ma_article_recommend.html?)<\/p>\n<p>Putzker M, Dumitrescu M, <strong>Klose T<\/strong>.<br \/>\nGlobal cold chain transport of liquid and frozen pharmaceuticals: experience from 12 years of evaluation and daily routine.<br \/>\nFarmacia 2019, submitted for publication<\/p>\n<p>Putzker M, Tomaselli R, <strong>Klose T<\/strong>.<br \/>\nArbeitsschutz in \u00f6ffentlichen Apotheken im Licht der neuen Arbeitsmedizinischen Vorsorgeverordnung<br \/>\n<em>Springer Verlag, Apotheke und Marketing, 1-2017;11-14<\/em><br \/>\n(<a href=\"http:\/\/www.apotheke-und-marketing.de\/arbeitsschutz-ganz-modern-1871151.html\" target=\"_blank\" rel=\"noopener noreferrer\" class=\"broken_link\">http:\/\/www.apotheke-und-marketing.de\/arbeitsschutz-ganz-modern-1871151.html<\/a>)<\/p>\n<p><strong>Klose T<\/strong>, von Deringer N, K\u00f6hl T, Lerchen C, Putzker M.<br \/>\nPatientenvorsorge &#8211; Ein Kurzrargeber.<br \/>\n<em>Verlag Str\u00f6dicke 2017, 2.Auflage, 49 Seiten, ISBN 978-3-00-055527-5<\/em><\/p>\n<p><strong>Klose T<\/strong>, Buchta O, Putzker M.<br \/>\nDrei Koblenzer entwickelten Smartphone-&#8220;app&#8221; f\u00fcr die individuelle medizinische Versorgung: Chance auf Lebensqualit\u00e4t und Einsparungen.<br \/>\n<em>Watterich Verlag, TMK 2016; 26:40-1<\/em><\/p>\n<p><strong>Klose T<\/strong>, Sarholz S, Himmerich S, Putzker M.<br \/>\nHilfe ein Kind- Ein Kurzrargeber f\u00fcr &#8220;Wartung und Pflege&#8221; &#8211; und dar\u00fcber hinaus.<br \/>\n<em>Verlag Str\u00f6dicke 2016, 1. Auflage, 68 Seiten<\/em><\/p>\n<p><strong>Klose T<\/strong>, Wolf M, Buchta O, Putzker M.<br \/>\niMedicplan for compliance: can it improve life?<br \/>\n<em>EJOP 2016; 1\/ Vol. 10<\/em><\/p>\n<p><strong>Klose T<\/strong>, Putzker M.<br \/>\nInternationaler Transport k\u00fchlkettenpflichtiger Arzneimittel unter Temperaturkonsistenz zur Umsetzung der aktuellen GDP-Richtlinie.<br \/>\n<em>Onkologische Pharmazie, 18. Jahrgang; Nr. 02\/2016<\/em><\/p>\n<p>Woeste C, <strong>Klose T<\/strong>.<br \/>\nDie Einf\u00fchrung der Transportvalidierung.<br \/>\n<em>8. NZW Dresden; 18.06.2016<\/em><\/p>\n<p>Putzker M, Tomaselli R, <strong>Klose T<\/strong>.<br \/>\nArbeitsschutz in \u00f6ffentlichen Apotheken im Licht der Arbeitsmedizinischen Versorgeverordnung.<br \/>\n<em>8. NZW Dresden; 17.06.2016<\/em><\/p>\n<p><strong>Klose T,<\/strong> Himmerich S, Putzker M, Zernack S, Trennheuser F.<br \/>\nErn\u00e4hrung und Hautpflege bei Krebs. Ein Kurzratgeber.<br \/>\n<em>Verlag Str\u00f6dicke, 54 Seiten, 3. Auflage 07\/2015<\/em><\/p>\n<p><strong>Klose T.<\/strong><br \/>\nLOGISTICS with the \u201eBest system in the world\u201c for cold chain transport of clinical trials, drugs and blood products<br \/>\n<em>Delta T Jahrestagung 21.\/22.04.2015<\/em><\/p>\n<p>Berger R, Dillender A, Domogalla K, <strong>Klose T<\/strong>, Nix U, Siedenkamp K<strong>.<\/strong><br \/>\nWege zu positiver Krankheitsbew\u00e4ltigung und menschlichen Wachstum<br \/>\n<em>12. Tagung; Brustzentrum Marienhaus Klinikum Neuwied; 21.02.2015<\/em><\/p>\n<p><strong>Klose T<\/strong>, Putzker M<strong>.<\/strong><br \/>\nChallenge for the new GDP policy: global validated cold chain transport (2-8\u00b0 C) of clinical trials and drugs<br \/>\nEJOP <em>2014; 4\/ Vol. 8<\/em><\/p>\n<p>Wolf M, Putzker M<strong>, Klose T<\/strong>.<br \/>\nSmartphone &#8220;app\u201c for Compliance: Better quality of life for patients and significant savings in health care.<br \/>\n<em>ASCO 2014<\/em><\/p>\n<p><strong>Klose T<\/strong>, Schenk J, Putzker M.<br \/>\nNovel care conception for cancer patients in Germany.<br \/>\n<em>31. Deutscher Krebskongress 2014<\/em><\/p>\n<p>Putzker M<strong>, Klose T.<\/strong><br \/>\nWeltweit qualit\u00e4tsgesicherter Transport von Blutprodukten<br \/>\n<em>Siemens Symposium W\u00fcrzburg, 20.06.2013<\/em><\/p>\n<p><strong>Klose T<\/strong>, Bochert H H, Pruss A, Roth WK, Bohnen H, Putzker M.<br \/>\nA transport system for temperature-sensitive pharmaceuticals and especially red blood cell concentrates for use in widely varying physical and climatic conditions worldwide.<br \/>\n<em>Vox Sanguinis 2010;44-53<\/em><\/p>\n<p><strong>Klose T<\/strong>, Prokoph B, Seidel K, Schmidt M, Hourfar K, Putzker M.<br \/>\nSafe system for transport of blood samples at recommended temperature (2-8\u00b0C).<br \/>\n<em>Clin. Lab. 2009;55:375-378<\/em><\/p>\n<p>Putzker M, Seidel K, Schmidt M, Hourfar K, Friedrich I, Bohnen H, <strong>Klose T.<\/strong><br \/>\nTemperature-stable transport of blood products across Europe on varying environmental demand: finally working with fresh frozen plasma (FFP) as well.<br \/>\n<em>Clin. Lab. 2009;55:371-374<\/em><\/p>\n<p><strong>Klose T<\/strong>, Prokoph B, Seidel K, Schmidt M, Hourfar K, Putzker M.<br \/>\nSafe system for transport of blood samples at recommended temperature (2-8\u00b0C).<br \/>\n<em>Transfus Med Hemother 2009;36(suppl 1):63<\/em><\/p>\n<p>Hourfar K, <strong>Klose T<\/strong>, Putzker M, Sireis W, Gubbe K, Karl A, Tonn T, Mayr-Wohlfart U, Schrezenmeier H, Prokoph B, Ruester B, Seidel K, Hellmann I, Geusendam G, Siebert B, Seifried E, Schmidt M.<br \/>\nStability of transfusion transmitted viruses in whole blood.<br \/>\n<em>Transfus Med Hemother 2009;36(suppl 1):12<\/em><\/p>\n<p>Putzker M, Seidel K, Schmidt M, Hourfar K, Friedrich I, Bohnen H, <strong>Klose T<\/strong>. Temperature-stable transport of blood products across Europe on varying environmental demand: finally working with fresh frozen plasma (FFP) as well.<br \/>\n<em>Transfus Med Hemother 2009;36(suppl 1):63<\/em><\/p>\n<p><strong>Klose T<\/strong>, Putzker M, Pru\u00df A, Fresen F, Borchert H-H.<br \/>\nTransport de produits pharmaceutiques: Un r\u00e9glement unique en Europe?<br \/>\n<em>Elsevier SAS: Actualit\u00e9s pharmaceutiques 2008;n\u00b0474:25-27<\/em><\/p>\n<p><strong>Klose T<\/strong>, Putzker M, Pru\u00df A, Borchert H-H.<br \/>\nNovel System for worldwide qualified Transport of Red Blood Cells Concentrates (RBC) under Extreme Enviromental Conditions.<br \/>\n<em>Clin. Lab. 2008;54:25-28<\/em><\/p>\n<p><strong>\u041a\u043b\u043e\u0437\u0435 T<\/strong>, \u041f\u0443\u0442\u0446\u043a\u0435\u0440 M, \u041f\u0440\u0443\u0441\u0441 A, \u0411\u043e\u0440\u0445\u0435\u0440\u0442 H-H.<br \/>\n\u0418\u0441\u043f\u043e\u043b\u044c\u0437\u043e\u0432\u0430\u043d\u0438\u0435 \u043f\u0430\u0441\u0441\u0438\u0432\u043d\u044b\u0445 \u043e\u0445\u043b\u0430\u0436\u0434\u0430\u044e\u0449\u0438\u0445 \u0431\u043e\u043ac\u043e\u0432 \u0434\u043b\u044f \u0442\u0440\u0430\u043d\u0441\u043f\u043e\u0440\u0442\u0438\u0440\u043e\u0432\u043a\u0438 \u043f\u0440\u043e\u0434\u0443\u043a\u0442\u043e\u0432 \u043a\u0440\u043e\u0432\u0438. \u0413ema\u0442o\u043bo\u0438\u044f \u0438 \u0442\u0440a\u043dc\u0444\u0443\u0437\u0438o\u043bo\u0433\u0438\u044f.<br \/>\n<em>\u0418\u0437\u0434a\u0442e\u043b\u044cc\u0442\u0432\u043e \u201eMe\u0434\u0438\u0446\u0438\u043da\u201c, (\u044f\u043d\u0432\u0430\u0440\u044c), 33-35<\/em><\/p>\n<p>Putzker M, <strong>Klose T<\/strong>, S\u00f6nnichsen I, Eck D, Th\u00f6le A.<br \/>\nOptimierung der Hautantiseptik vor der Venenpunktion bei der Blutspende.<br \/>\n<em>Wehrmed. Mschr 2008; Heft 5-6:159-164<\/em><\/p>\n<p><strong>Klose T<\/strong>, Putzker M, Pru\u00df A, Bochert H.-H.<br \/>\nNovel system for worldwide qualified transport of red blood cell concentrates (RBC) on extreme environmental demand.<br \/>\n<em>Transfus Med Hemother 2007;34(suppl1):63<\/em><\/p>\n<p><strong>Klose T<\/strong>, Wedekind K, Riggert J, van der Meer P-F, Heuft H-G, Perotti C.<br \/>\nTransfusionsmedizin: Aktuelles aus Forschung und Praxis.<br \/>\n<em>Transfus Med Hemother 2006;33:544-45<\/em><\/p>\n<p><strong>Klose T<\/strong>, Kiesewetter H, Pru\u00df A, Roth W-K, Bohnen H, Friedrich I, Eck D, Putzker M.<br \/>\nInfluence of below atmospheric pressure on the pharmaceutical quality of red blood cell concentrates (RBCs) during transport and storage.<br \/>\n<em>Clin. Lab. 2006;52:57-61<\/em><\/p>\n<p><strong>Klose T<\/strong>, Pru\u00df A, Kiesewetter H, Roth W &#8211; K, Bohnen H, Putzker M.<br \/>\nQuality assurance for long lasting transports of red blood cell concentrates on extreme environmental demand.<br \/>\n<em>Transfus Med Hemother 2004; 31:365-370<\/em><\/p>\n<p><strong>Klose T<\/strong>, Bohnen H, Putzker M.<br \/>\nEnsuring the quality of red blood cells during long lasting transport on extreme environmental demand.<br \/>\n<em>Transfus Med Hemother 2004; 31(suppl 3):43<\/em><\/p>\n<p><strong>Klose T<\/strong>, Putzker M.<br \/>\nThalass\u00e4mie &#8211; Blut als Heilmittel.<br \/>\n<em>Pharmazeutische Zeitung 2003;148:38-39<\/em><\/p>\n<p>Skare J, Farley J, Strominger JL, <strong>Fresen KO<\/strong>, Cho MS, <strong>zur Hausen H<\/strong>.<br \/>\nTransformation by Epstein-Barr virus requires DNA sequences in the region of BamHI fragments Y and H.<br \/>\n<em>J Virol. 1985 Aug;55(2):286-97.<\/em><\/p>\n<p>Cho MS, <strong>Fresen KO<\/strong>, <strong>zur Hausen H<\/strong>.<br \/>\nMultiplicity-dependent biological and biochemical properties of Epstein-Barr virus (EBV) rescued from non-producer lines after superinfection with P3HR-1 EBV.<br \/>\n<em>Int J Cancer. 1980 Sep 15;26(3):357-63.<\/em><\/p>\n<p>Bornkamm GW, Kaduk B, Kachel G, Schneider U, <strong>Fresen KO<\/strong>, Schwanitz G, Hermanek P.<br \/>\nEpstein-Barr virus-positive Burkitt&#8217;s lymphoma in a German woman during pregnancy.<br \/>\n<em>Blut. 1980 Mar;40(3):167-77.<\/em><\/p>\n<p><strong>Fresen KO<\/strong>, Cho MS, Gissmann L, <strong>zur Hausen H<\/strong>.<br \/>\nNC37-R1 Epstein-Barr virus (EBV): a possible recombinant between intracellular NC37 viral DNA and superinfecting P3HR-1 EBV.<br \/>\n<em>Intervirology. 1980;12(6):303-10.<\/em><\/p>\n<p><strong>zur Hausen H<\/strong>, <strong>Fresen KO<\/strong>.<br \/>\nHeterogeneity of Epstein-Barr virus.<br \/>\n<em>Biochim Biophys Acta. 1979 Nov 30;560(3):343-53.<\/em><\/p>\n<p><strong>Fresen KO<\/strong>, Cho MS, <strong>zur Hausen H<\/strong>.<br \/>\nRecovery of transforming EBV from non-producer cells after superinfection with non-transforming P3HR-1 EBV.<br \/>\n<em>Int J Cancer. 1978 Oct 15;22(4):378-83.<\/em><\/p>\n<p><strong>Fresen KO<\/strong>, Cho MS, <strong>zur Hausen H<\/strong>.<br \/>\nHeterogeneity of Epstein-Barr virus. IV. Induction of a specific antigen by EBV from two transformed marmoset cell lines in Ramos cells.<br \/>\n<em>Int J Cancer. 1978 Aug 15;22(2):160-5.<\/em><\/p>\n<p><strong>zur Hausen H<\/strong>, <strong>Fresen KO<\/strong>, Bornkamm GW.<br \/>\nEpstein-Barr virus genomes and their biological functions: a review.<br \/>\n<em>IARC Sci Publ. 1978;(24 Pt 1):3-10.<\/em><\/p>\n<p><strong>zur Hausen H<\/strong>, <strong>Fresen KO<\/strong>.<br \/>\nHeterogeneity of Epstein-Barr virus derived from P3HR-1 cells.<br \/>\n<em>IARC Sci Publ. 1978;(20):391-6.<\/em><\/p>\n<p><strong>Fresen KO<\/strong>.<br \/>\nBiologische und immunologische Untersuchungen zur Differenzierung von Epstein-Barr-Virusst\u00e4mmen<br \/>\n<em>Springer, 1978<\/em><\/p>\n<p>Heyden HW, Weber R, Stuckstedte H, Saal JG, <strong>Fresen KO<\/strong>.<br \/>\nIsoenzyme pattern of acid phosphatase in epstein-barr-virus-DNA positive permanent growing lymphoid cell lines (author&#8217;s transl).<br \/>\n<em>Blut. 1977 Nov 22;35(5):395-404.<\/em><\/p>\n<p><strong>zur Hausen H<\/strong>, <strong>Fresen KO<\/strong>.<br \/>\nHeterogeneity of Epstein-Barr virus. II. Induction of early antigens (EA) by complementation.<br \/>\n<em>Virology. 1977 Aug;81(1):138-43.<\/em><\/p>\n<p><strong>Fresen KO<\/strong>, Merkt B, Bornkamm GW, Hausen H.<br \/>\nHeterogeneity of Epstein-Barr virus originating from P3HR-1 cells. I. Studies on EBNA induction.<br \/>\n<em>Int J Cancer. 1977 Mar 15;19(3):317-23.<\/em><\/p>\n<p><strong>Fresen KO<\/strong>, <strong>zur Hausen H<\/strong>.<br \/>\nTransient induction of a nuclear antigen unrelated to Epstein-Barr nuclear antigen in cells of two human B-lymphoma lines converted by Epstein-Barr virus.<br \/>\n<em>Proc Natl Acad Sci U S A. 1977 Jan;74(1):363-6.<\/em><\/p>\n<p><strong>Fresen KO<\/strong>, Hausen H.<br \/>\nEstablishment of EBNA-expressing cell lines by infection of Epstein-Barr virus (EBV)-genome-negative human lymphoma cells with different EBV strains.<br \/>\n<em>Int J Cancer. 1976 Feb 15;17(2):161-6.<\/em><\/p>\n<p><strong>Fresen KO<\/strong>, Illiger HJ.<br \/>\nLectin-independent, irreversible redistribution of concanavalin A receptors on influenza virus infected Ehrlich ascites tumor cells.<br \/>\n<em>Arch Gesamte Virusforsch. 1974;44(4):377-85.<\/em><\/p>\n<p><strong>Fresen KO<\/strong>, D\u00fcbendorfer A.<br \/>\nElectrokinetic behavoir of Ehrlich ascites tumor cells following infection with oncolytic influenza viruses.<br \/>\n<em>Pathol Microbiol (Basel). 1974;40(3):227-8.<\/em><\/p>\n<p><strong>Fresen KO<\/strong>.<br \/>\nPhysico-chemical changes of the cell surface of Ehrlich ascites tumour cells following infection with oncolytic influenza virus.<br \/>\n<em>Zentralbl Bakteriol Orig A. 1974;227(1-4):409-13.<\/em><\/p>\n<p><strong>Fresen KO<\/strong>, D\u00fcbendorfer A.<br \/>\nPhysicochemical membrane changes in Ehrlich ascites tumor cells infected with oncolytic influenza virus.<br \/>\n<em>Arch Gesamte Virusforsch. 1973;41(3):267-76.<\/em><\/p>\n<p><strong>Fresen KO<\/strong>, Vogt A.<br \/>\nUltrastructural localization of peroxidase-labelled nephrotoxic antibodies after intravenous application.<br \/>\n<em>Exp Pathol (Jena). 1973;8(4):276-82.<\/em><\/p>\n<p><strong>Fresen KO<\/strong>, Vogt A.<br \/>\nHemolytic activity of antibody to sheep red cells conjugated to ferritin.<br \/>\n<em>Med Microbiol Immunol. 1971;157(1):24-31.<\/em><\/p>\n<p>Moppert J, <strong>Fresen KO<\/strong>.<br \/>\nExperimental glomerulonephritis and glomerulonephrosis in the mouse following repeated ovalbumin injections. A light, fluroescence and electron microscopic study.<br \/>\n<em>Virchows Arch Pathol Anat Physiol Klin Med. 1967;342(4):304-18.<\/em><\/p>\n<p><strong>Fresen KO<\/strong>.<br \/>\nExperimentelle Glomerulonephritis und Glomerulonephrose bei der Maus nach wiederholten Ovalbumininjektionen: Eine licht-, fluoreszenz- u. elektronenoptische Untersuchung,<br \/>\n<em>Springer, 1967<\/em><\/p>\n<p>Skare J, Farley J, Strominger JL, <strong>Fresen KO<\/strong>, Cho MS, <strong>zur Hausen H<\/strong>.<br \/>\nTransformation by Epstein-Barr virus requires DNA sequences in the region of BamHI fragments Y and H.<br \/>\n<em>J Virol. 1985 Aug;55(2):286-97.<\/em><\/p>\n<p>Cho MS, <strong>Fresen KO<\/strong>, <strong>zur Hausen H<\/strong>.<br \/>\nMultiplicity-dependent biological and biochemical properties of Epstein-Barr virus (EBV) rescued from non-producer lines after superinfection with P3HR-1 EBV.<br \/>\n<em>Int J Cancer. 1980 Sep 15;26(3):357-63.<\/em><\/p>\n<p>Bornkamm GW, Kaduk B, Kachel G, Schneider U, <strong>Fresen KO<\/strong>, Schwanitz G, Hermanek P.<br \/>\nEpstein-Barr virus-positive Burkitt&#8217;s lymphoma in a German woman during pregnancy.<br \/>\n<em>Blut. 1980 Mar;40(3):167-77.<\/em><\/p>\n<p><strong>Fresen KO<\/strong>, Cho MS, Gissmann L, <strong>zur Hausen H<\/strong>.<br \/>\nNC37-R1 Epstein-Barr virus (EBV): a possible recombinant between intracellular NC37 viral DNA and superinfecting P3HR-1 EBV.<br \/>\n<em>Intervirology. 1980;12(6):303-10.<\/em><\/p>\n<p><strong>zur Hausen H<\/strong>, <strong>Fresen KO<\/strong>.<br \/>\nHeterogeneity of Epstein-Barr virus.<br \/>\n<em>Biochim Biophys Acta. 1979 Nov 30;560(3):343-53.<\/em><\/p>\n<p><strong>Fresen KO<\/strong>, Cho MS, <strong>zur Hausen H<\/strong>.<br \/>\nRecovery of transforming EBV from non-producer cells after superinfection with non-transforming P3HR-1 EBV.<br \/>\n<em>Int J Cancer. 1978 Oct 15;22(4):378-83.<\/em><\/p>\n<p><strong>Fresen KO<\/strong>, Cho MS, <strong>zur Hausen H<\/strong>.<br \/>\nHeterogeneity of Epstein-Barr virus. IV. Induction of a specific antigen by EBV from two transformed marmoset cell lines in Ramos cells.<br \/>\n<em>Int J Cancer. 1978 Aug 15;22(2):160-5.<\/em><\/p>\n<p><strong>zur Hausen H<\/strong>, <strong>Fresen KO<\/strong>, Bornkamm GW.<br \/>\nEpstein-Barr virus genomes and their biological functions: a review.<br \/>\n<em>IARC Sci Publ. 1978;(24 Pt 1):3-10.<\/em><\/p>\n<p><strong>zur Hausen H<\/strong>, <strong>Fresen KO<\/strong>.<br \/>\nHeterogeneity of Epstein-Barr virus derived from P3HR-1 cells.<br \/>\n<em>IARC Sci Publ. 1978;(20):391-6.<\/em><\/p>\n<p><strong>Fresen KO<\/strong>.<br \/>\nBiologische und immunologische Untersuchungen zur Differenzierung von Epstein-Barr-Virusst\u00e4mmen<br \/>\n<em>Springer, 1978<\/em><\/p>\n<p>Heyden HW, Weber R, Stuckstedte H, Saal JG, <strong>Fresen KO<\/strong>.<br \/>\nIsoenzyme pattern of acid phosphatase in epstein-barr-virus-DNA positive permanent growing lymphoid cell lines (author&#8217;s transl).<br \/>\n<em>Blut. 1977 Nov 22;35(5):395-404.<\/em><\/p>\n<p><strong>zur Hausen H<\/strong>, <strong>Fresen KO<\/strong>.<br \/>\nHeterogeneity of Epstein-Barr virus. II. Induction of early antigens (EA) by complementation.<br \/>\n<em>Virology. 1977 Aug;81(1):138-43.<\/em><\/p>\n<p><strong>Fresen KO<\/strong>, Merkt B, Bornkamm GW, Hausen H.<br \/>\nHeterogeneity of Epstein-Barr virus originating from P3HR-1 cells. I. Studies on EBNA induction.<br \/>\n<em>Int J Cancer. 1977 Mar 15;19(3):317-23.<\/em><\/p>\n<p><strong>Fresen KO<\/strong>, <strong>zur Hausen H<\/strong>.<br \/>\nTransient induction of a nuclear antigen unrelated to Epstein-Barr nuclear antigen in cells of two human B-lymphoma lines converted by Epstein-Barr virus.<br \/>\n<em>Proc Natl Acad Sci U S A. 1977 Jan;74(1):363-6.<\/em><\/p>\n<p><strong>Fresen KO<\/strong>, Hausen H.<br \/>\nEstablishment of EBNA-expressing cell lines by infection of Epstein-Barr virus (EBV)-genome-negative human lymphoma cells with different EBV strains.<br \/>\n<em>Int J Cancer. 1976 Feb 15;17(2):161-6.<\/em><\/p>\n<p><strong>Fresen KO<\/strong>, Illiger HJ.<br \/>\nLectin-independent, irreversible redistribution of concanavalin A receptors on influenza virus infected Ehrlich ascites tumor cells.<br \/>\n<em>Arch Gesamte Virusforsch. 1974;44(4):377-85.<\/em><\/p>\n<p><strong>Fresen KO<\/strong>, D\u00fcbendorfer A.<br \/>\nElectrokinetic behavoir of Ehrlich ascites tumor cells following infection with oncolytic influenza viruses.<br \/>\n<em>Pathol Microbiol (Basel). 1974;40(3):227-8.<\/em><\/p>\n<p><strong>Fresen KO<\/strong>.<br \/>\nPhysico-chemical changes of the cell surface of Ehrlich ascites tumour cells following infection with oncolytic influenza virus.<br \/>\n<em>Zentralbl Bakteriol Orig A. 1974;227(1-4):409-13.<\/em><\/p>\n<p><strong>Fresen KO<\/strong>, D\u00fcbendorfer A.<br \/>\nPhysicochemical membrane changes in Ehrlich ascites tumor cells infected with oncolytic influenza virus.<br \/>\n<em>Arch Gesamte Virusforsch. 1973;41(3):267-76.<\/em><\/p>\n<p><strong>Fresen KO<\/strong>, Vogt A.<br \/>\nUltrastructural localization of peroxidase-labelled nephrotoxic antibodies after intravenous application.<br \/>\n<em>Exp Pathol (Jena). 1973;8(4):276-82.<\/em><\/p>\n<p><strong>Fresen KO<\/strong>, Vogt A.<br \/>\nHemolytic activity of antibody to sheep red cells conjugated to ferritin.<br \/>\n<em>Med Microbiol Immunol. 1971;157(1):24-31.<\/em><\/p>\n<p>Moppert J, <strong>Fresen KO<\/strong>.<br \/>\nExperimental glomerulonephritis and glomerulonephrosis in the mouse following repeated ovalbumin injections. A light, fluroescence and electron microscopic study.<br \/>\n<em>Virchows Arch Pathol Anat Physiol Klin Med. 1967;342(4):304-18.<\/em><\/p>\n<p><strong>Fresen KO<\/strong>.<br \/>\nExperimentelle Glomerulonephritis und Glomerulonephrose bei der Maus nach wiederholten Ovalbumininjektionen: Eine licht-, fluoreszenz- u. elektronenoptische Untersuchung,<br \/>\n<em>Springer, 1967<\/em><\/p>\n","protected":false},"excerpt":{"rendered":"<p>Putzker M, Karapetyan I, Klose T. Leben retten &#8211; Blut spenden. PTA heute, Nr. 11, 27.05.2025 Putzker M, Karapetyan I, Klose T. Alternativen zur klassischen Blutkonserve. PTA heute, Webcode W5TR9, 2025 Jost R, Kespohl S, Kathrin E, Paulus-Tremel KE, F\u00fchrer&hellip; <\/p>\n","protected":false},"author":1,"featured_media":0,"parent":466,"menu_order":0,"comment_status":"closed","ping_status":"closed","template":"","meta":{"_locale":"en_US","_original_post":"76","footnotes":""},"class_list":["post-472","page","type-page","status-publish","hentry","en-US"],"_links":{"self":[{"href":"https:\/\/drfresenpharma.de\/wp-json\/wp\/v2\/pages\/472","targetHints":{"allow":["GET"]}}],"collection":[{"href":"https:\/\/drfresenpharma.de\/wp-json\/wp\/v2\/pages"}],"about":[{"href":"https:\/\/drfresenpharma.de\/wp-json\/wp\/v2\/types\/page"}],"author":[{"embeddable":true,"href":"https:\/\/drfresenpharma.de\/wp-json\/wp\/v2\/users\/1"}],"replies":[{"embeddable":true,"href":"https:\/\/drfresenpharma.de\/wp-json\/wp\/v2\/comments?post=472"}],"version-history":[{"count":5,"href":"https:\/\/drfresenpharma.de\/wp-json\/wp\/v2\/pages\/472\/revisions"}],"predecessor-version":[{"id":1005,"href":"https:\/\/drfresenpharma.de\/wp-json\/wp\/v2\/pages\/472\/revisions\/1005"}],"up":[{"embeddable":true,"href":"https:\/\/drfresenpharma.de\/wp-json\/wp\/v2\/pages\/466"}],"wp:attachment":[{"href":"https:\/\/drfresenpharma.de\/wp-json\/wp\/v2\/media?parent=472"}],"curies":[{"name":"wp","href":"https:\/\/api.w.org\/{rel}","templated":true}]}}